{"id":44937,"date":"2021-12-22T11:24:31","date_gmt":"2021-12-22T11:24:31","guid":{"rendered":"https:\/\/bigstarjeans.com\/?page_id=44937"},"modified":"2021-12-22T12:33:36","modified_gmt":"2021-12-22T12:33:36","slug":"2020-2","status":"publish","type":"page","link":"https:\/\/bigstarjeans.com\/pl\/2020-2\/","title":{"rendered":"2020"},"content":{"rendered":"<h4 style=\"text-align: center;\">STRATEGIA PODATKOWA REALIZOWANA PRZEZ<\/h4>\n<h4 style=\"text-align: center;\"><strong>&#8222;BIG STAR LIMITED&#8221; SP\u00d3\u0141KA Z OGRANICZON\u0104 ODPOWIEDZIALNO\u015aCI\u0104<\/strong><\/h4>\n<h4 style=\"text-align: center;\">W ROKU 2020<\/h4>\n<h4><\/h4>\n<h4><\/h4>\n<h4 style=\"text-align: center;\"><br class=\"avia-permanent-lb\" \/><br class=\"avia-permanent-lb\" \/><strong>WST\u0118P<\/strong><\/h4>\n<p>&nbsp;<\/p>\n<h4 style=\"text-align: left;\">Dokument zosta\u0142 opracowany zgodnie z art. 27c ustawy o CIT wprowadzony ustaw\u0105 uchwalon\u0105 w dniu 28 listopada 2020 r. o zmianie ustaw podatkowych. W zwi\u0105zku z brakiem legalnej definicji \u201estrategii podatkowej\u201d, przy tworzeniu dokumentu wykorzystano opracowane przez Ministerstwo Finans\u00f3w \u201eWytyczne w zakresie Ram Wewn\u0119trznego Nadzoru Podatkowego\u201d (dalej: wytyczne RWNP).<\/h4>\n<p>&nbsp;<\/p>\n<h4 style=\"text-align: left;\">Zgodnie z Wytycznymi RWNP:<\/h4>\n<h4 style=\"text-align: left;\">&#8211; \u201eStrategia podatkowa podmiotu wskazuje wizj\u0119 i misj\u0119 podatkow\u0105 oraz cele podatkowe (d\u0142ugoterminowe), uwzgl\u0119dniaj\u0105c jednocze\u015bnie ich wp\u0142yw na realizacj\u0119 cel\u00f3w biznesowych podmiotu.\u201d<\/h4>\n<h4 style=\"text-align: left;\">&#8211; \u201eStrategia podatkowa powinna by\u0107 katalogiem formu\u0142 decyzyjnych, obejmuj\u0105cych cele oraz \u015brodki umo\u017cliwiaj\u0105ce prawid\u0142ow\u0105 i terminow\u0105 realizacj\u0119 obowi\u0105zk\u00f3w podatkowych.\u201d<\/h4>\n<h4 style=\"text-align: left;\"><\/h4>\n<h4 style=\"text-align: left;\">Przedsi\u0119biorstwo &#8222;BIG STAR LIMITED&#8221; SP\u00d3\u0141KA Z OGRANICZON\u0104 ODPOWIEDZIALNO\u015aCI\u0104 dzia\u0142aj\u0105ce w bran\u017cy odzie\u017cowej w sferze handlu, realizuje swoje cele gospodarcze poprzez rozleg\u0142\u0105 sie\u0107 plac\u00f3wek handlowych prowadzonych we wszystkich regionach Polski. W roku 2020 by\u0142o to ca. 200 plac\u00f3wek. Realizacja za\u0142o\u017ce\u0144 gospodarczych Sp\u00f3\u0142ki w roku 2020 zosta\u0142a zak\u0142\u00f3cona przez pandemi\u0119 COVID-19. Przez znaczn\u0105 cz\u0119\u015b\u0107 roku wiele plac\u00f3wek handlowych Sp\u00f3\u0142ki, szczeg\u00f3lnie tych umiejscowionych w du\u017cych centrach handlowych, musia\u0142o zawiesi\u0107 dzia\u0142alno\u015b\u0107.<\/h4>\n<p>&nbsp;<\/p>\n<p>&nbsp;<\/p>\n<h4><\/h4>\n<h4 style=\"text-align: center;\"><strong>INFORMACJE PODSTAWOWE<\/strong><\/h4>\n<p>&nbsp;<\/p>\n<h4><u>1. Informacja o planowanych lub podejmowanych przez podatnika dzia\u0142aniach restrukturyzacyjnych mog\u0105cych mie\u0107 wp\u0142yw na wysoko\u015b\u0107 zobowi\u0105za\u0144 jego lub podmiot\u00f3w z nim powi\u0105zanych.<\/u><\/h4>\n<h4>\nSp\u00f3\u0142ka nie podejmowa\u0142a w roku 2020 i nie planuje dzia\u0142a\u0144 restrukturyzacyjnych.<\/h4>\n<h4><u><br \/>\n2. Opis stosowanych proces\u00f3w oraz procedur dotycz\u0105cych zarz\u0105dzania wykonywaniem obowi\u0105zk\u00f3w wynikaj\u0105cych z przepis\u00f3w podatkowych i zapewniaj\u0105cych ich prawid\u0142owo\u015b\u0107.<\/u><\/h4>\n<h4><em>\u00a0<\/em><\/h4>\n<h4>a) procedura rejestracji zdarze\u0144 gospodarczych w plac\u00f3wkach handlowych obejmuj\u0105ca zbi\u00f3r zasad post\u0119powania w odniesieniu do poszczeg\u00f3lnych rodzaj\u00f3w tych zdarze\u0144:<\/h4>\n<ul>\n<li>\n<h4>raportowanie danych z kas rejestruj\u0105cych;<\/h4>\n<\/li>\n<li>\n<h4>prowadzenie rozlicze\u0144 got\u00f3wkowych;<\/h4>\n<\/li>\n<li>\n<h4>raportowanie stan\u00f3w magazynowych;<\/h4>\n<\/li>\n<li>\n<h4>zakupy bie\u017c\u0105ce (kosztowe) dokonywane bezpo\u015brednio w sklepie i ich raportowanie;<\/h4>\n<\/li>\n<li>\n<h4>wystawianie faktur VAT do paragon\u00f3w z uwzgl\u0119dnieniem nowych regulacji prawnych (NIP nabywcy \u2013 podatnika, faktury uproszczone itp.);<\/h4>\n<\/li>\n<li>\n<h4>rozliczenia w procedurze TAX-FREE;<\/h4>\n<\/li>\n<li>\n<h4>serwisowanie, wymiana kas rejestruj\u0105cych.<\/h4>\n<\/li>\n<\/ul>\n<h4>Procedura obejmuje okre\u015blenie termin\u00f3w raportowania, wskazuje kom\u00f3rki organizacyjne oraz osoby odpowiedzialne za realizacj\u0119 procedury.<\/h4>\n<p>&nbsp;<\/p>\n<h4>b)procedura kontroli, akceptacji i regulowania faktur zakupu:<\/h4>\n<ul>\n<li>\n<h4>ocena i kontrola celowo\u015bci zakupu oraz zgodno\u015bci tre\u015bci faktur ze stanem rzeczywistym, kwalifikacja wydatk\u00f3w do koszt\u00f3w uzyskania przychod\u00f3w;<\/h4>\n<\/li>\n<li>\n<h4>weryfikacja kontrahent\u00f3w (wystawc\u00f3w faktur) jako czynnych podatnik\u00f3w podatku VAT \u2013 zasada nale\u017cytej staranno\u015bci;<\/h4>\n<\/li>\n<li>\n<h4>mechanizm podzielonej p\u0142atno\u015bci (MPP) \u2013 wprowadzenie zasady;<\/h4>\n<\/li>\n<li>\n<h4>p\u0142atno\u015bci faktur obj\u0119tych trybem MPP \u2013 bez wzgl\u0119du na ich warto\u015b\u0107;<\/h4>\n<\/li>\n<li>\n<h4>weryfikacja kontrahent\u00f3w z kraj\u00f3w Unii Europejskiej (wystawc\u00f3w faktur) jako czynnych podatnik\u00f3w podatku VAT (system VIES);<\/h4>\n<\/li>\n<li>\n<h4>weryfikacja podmiot\u00f3w zagranicznych \u015bwiadcz\u0105cych us\u0142ugi, kt\u00f3rych mowa w art. 21 ust. 1 pkt 2a ustawy o podatku dochodowym od os\u00f3b prawnych \u2013 pozyskiwanie certyfikatu rezydencji podatkowej.<\/h4>\n<\/li>\n<\/ul>\n<h4>W procedurze wskazane s\u0105 kom\u00f3rki organizacyjne oraz osoby odpowiedzialne za realizacj\u0119 procedury, ponadto okre\u015blono tu zasady obiegu informacji i dokument\u00f3w.<\/h4>\n<h4><u><br \/>\n3. Informacja na temat dokonywania rozlicze\u0144 w krajach stosuj\u0105cych szkodliw\u0105 konkurencj\u0119 podatkow\u0105.<\/u><\/h4>\n<h4>Sp\u00f3\u0142ka &#8222;BIG STAR LIMITED&#8221; SP\u00d3\u0141KA Z OGRANICZON\u0104 ODPOWIEDZIALNO\u015aCI\u0104 nie dokonuje rozlicze\u0144 w krajach stosuj\u0105cych szkodliw\u0105 konkurencj\u0119 podatkow\u0105.<\/h4>\n<h4><u><br \/>\n4. Liczba przekazanych informacji o <strong>schematach podatkowych (MDR) <\/strong>z podzia\u0142em na podatki.<\/u><\/h4>\n<h4>Sp\u00f3\u0142ka &#8222;BIG STAR LIMITED&#8221; SP\u00d3\u0141KA Z OGRANICZON\u0104 ODPOWIEDZIALNO\u015aCI\u0104 nie tworzy\u0142a i nie korzysta\u0142a w roku 2020 ze schemat\u00f3w podatkowych.<\/h4>\n<h4><u><br \/>\n5. Informacje o z\u0142o\u017conych wnioskach o wydanie indywidualnych i og\u00f3lnych interpretacji przepis\u00f3w prawa podatkowego, wi\u0105\u017c\u0105cych informacji stawkowych oraz wi\u0105\u017c\u0105cych informacji akcyzowych. <\/u><\/h4>\n<h4>W roku 2020 nie istnia\u0142a potrzeba wyst\u0119powania do organ\u00f3w podatkowych o wydanie indywidualnych i og\u00f3lnych interpretacji przepis\u00f3w prawa podatkowego czy te\u017c wi\u0105\u017c\u0105cych informacji stawkowych. Sp\u00f3\u0142ka nie jest p\u0142atnikiem podatku akcyzowego.<\/h4>\n<h4><u><br \/>\n6. Informacje o transakcjach z podmiotami powi\u0105zanymi, kt\u00f3rych warto\u015b\u0107 przekracza 5% sumy bilansowej aktyw\u00f3w.<\/u><\/h4>\n<p>&nbsp;<\/p>\n<h4><em>\u00a0<\/em> W roku 2020 wyst\u0105pi\u0142y nast\u0119puj\u0105ce transakcje z powi\u0105zan\u0105 sp\u00f3\u0142k\u0105 OOO BIG STAR Bia\u0142oru\u015b:<\/h4>\n<ul>\n<li>\n<h4>sprzeda\u017c towar\u00f3w 6,00 mln z\u0142;<\/h4>\n<\/li>\n<li>\n<h4>udzielona po\u017cyczka 4,40 mln z\u0142.<\/h4>\n<\/li>\n<\/ul>\n<p>&nbsp;<\/p>\n<p>&nbsp;<\/p>\n<h4 style=\"text-align: center;\"><strong>INFORMACJE DODATKOWE<\/strong> <strong>\u00a0<\/strong> <strong>\u00a0<\/strong><\/h4>\n<h4><\/h4>\n<p>&nbsp;<\/p>\n<h4>W roku 2020 nie odnotowano w Sp\u00f3\u0142ce &#8222;BIG STAR LIMITED&#8221; SP\u00d3\u0141KA Z OGRANICZON\u0104 ODPOWIEDZIALNO\u015aCI\u0104 zagro\u017ce\u0144 podatkowych, mimo znacznego zak\u0142\u00f3cenia proces\u00f3w gospodarczych zwi\u0105zanego z pandemi\u0105 COVID-19. Stabilne zasady finansowania i ugruntowana pozycja na rynku w po\u0142\u0105czeniu z prawid\u0142ow\u0105 organizacj\u0105 s\u0142u\u017cb odpowiedzianych w sp\u00f3\u0142ce za rozliczenia ksi\u0119gowe i podatkowe gwarantuj\u0105 skutecznie ograniczenie lub wyeliminowanie ryzyka podatkowego. Eliminowanie ryzyka podatkowego osi\u0105gane jest ponadto poprzez ustanowienie sta\u0142ej wsp\u00f3\u0142pracy z Kancelariami Adwokackimi oraz z Kancelari\u0105 Doradcy Podatkowego. Obowi\u0105zuj\u0105ca w sp\u00f3\u0142ce strategia p\u0142atno\u015bci zobowi\u0105za\u0144 podatkowych zak\u0142ada bezwzgl\u0119dne pierwsze\u0144stwo tych p\u0142atno\u015bci przed innymi zobowi\u0105zaniami.<\/h4>\n<p>&nbsp;<\/p>\n<h4>Sp\u00f3\u0142ka &#8222;BIG STAR LIMITED&#8221; SP\u00d3\u0141KA Z OGRANICZON\u0104 ODPOWIEDZIALNO\u015aCI\u0104 wp\u0142aci\u0142a do Bud\u017cetu Pa\u0144stwa za rok podatkowy 2020 1,4 mln z\u0142 z tytu\u0142u podatku dochodowego CIT oraz 27,0 mln z\u0142 podatku VAT. Sp\u00f3\u0142ka jest w regionie znacz\u0105cym pracodawc\u0105 \u2013 utrzymuje \u015brednio ca. 900 etat\u00f3w. W roku 2020 Sp\u00f3\u0142ka korzysta\u0142a z us\u0142ugi dedykowanej kluczowym podmiotom z grupy podatnik\u00f3w rozliczaj\u0105cych si\u0119 w wyspecjalizowanych urz\u0119dach skarbowych. W ramach tej us\u0142ugi zosta\u0142a utworzona infolinia na poziomie Centrum Obs\u0142ugi Kluczowych Podmiot\u00f3w. Dla firmy zosta\u0142 wybrany opiekun do indywidualnego kontaktu z urz\u0119dem skarbowym. Zapewnione jest \u2013 poprzez mo\u017cliwo\u015b\u0107 szybkiego kontaktu \u2013 aktywne, optymalne wsparcie w zakresie spraw za\u0142atwianych w urz\u0119dzie. Kontakt z opiekunem jest utrzymywany przez wskazane osoby, zgodnie z zasadami okre\u015blonymi dla tej us\u0142ugi.<\/h4>\n<p>&nbsp;<\/p>\n<h4>Strategia podatkowa Sp\u00f3\u0142ki &#8222;BIG STAR LIMITED&#8221; SP\u00d3\u0141KA Z OGRANICZON\u0104 ODPOWIEDZIALNO\u015aCI\u0104 b\u0119dzie w przysz\u0142ych latach modyfikowana w takim zakresie, kt\u00f3ry zapewni implementacj\u0119 nowych regulacji prawnych.<\/h4>\n","protected":false},"excerpt":{"rendered":"<p>STRATEGIA PODATKOWA REALIZOWANA PRZEZ &#8222;BIG STAR LIMITED&#8221; SP\u00d3\u0141KA Z OGRANICZON\u0104 ODPOWIEDZIALNO\u015aCI\u0104 W ROKU 2020 WST\u0118P &nbsp; Dokument zosta\u0142 opracowany zgodnie z art. 27c ustawy o CIT wprowadzony ustaw\u0105 uchwalon\u0105 w dniu 28 listopada 2020 r. o zmianie ustaw podatkowych. W zwi\u0105zku z brakiem legalnej definicji \u201estrategii podatkowej\u201d, przy tworzeniu dokumentu wykorzystano opracowane przez Ministerstwo Finans\u00f3w [&hellip;]<\/p>\n","protected":false},"author":8,"featured_media":0,"parent":0,"menu_order":0,"comment_status":"closed","ping_status":"closed","template":"","meta":{"footnotes":""},"class_list":["post-44937","page","type-page","status-publish","hentry"],"yoast_head":"<!-- This site is optimized with the Yoast SEO plugin v25.6 - https:\/\/yoast.com\/wordpress\/plugins\/seo\/ -->\n<title>2020 | BIG STAR<\/title>\n<meta name=\"robots\" content=\"index, follow, max-snippet:-1, max-image-preview:large, max-video-preview:-1\" \/>\n<link rel=\"canonical\" href=\"https:\/\/bigstarjeans.com\/pl\/2020-2\/\" \/>\n<meta property=\"og:locale\" content=\"pl_PL\" \/>\n<meta property=\"og:type\" content=\"article\" \/>\n<meta property=\"og:title\" content=\"2020 | BIG STAR\" \/>\n<meta property=\"og:description\" content=\"STRATEGIA PODATKOWA REALIZOWANA PRZEZ &#8222;BIG STAR LIMITED&#8221; SP\u00d3\u0141KA Z OGRANICZON\u0104 ODPOWIEDZIALNO\u015aCI\u0104 W ROKU 2020 WST\u0118P &nbsp; Dokument zosta\u0142 opracowany zgodnie z art. 27c ustawy o CIT wprowadzony ustaw\u0105 uchwalon\u0105 w dniu 28 listopada 2020 r. o zmianie ustaw podatkowych. W zwi\u0105zku z brakiem legalnej definicji \u201estrategii podatkowej\u201d, przy tworzeniu dokumentu wykorzystano opracowane przez Ministerstwo Finans\u00f3w [&hellip;]\" \/>\n<meta property=\"og:url\" content=\"https:\/\/bigstarjeans.com\/pl\/2020-2\/\" \/>\n<meta property=\"og:site_name\" content=\"BIG STAR JEANS\" \/>\n<meta property=\"article:publisher\" content=\"https:\/\/www.facebook.com\/bigstareurope\/\" \/>\n<meta property=\"article:modified_time\" content=\"2021-12-22T12:33:36+00:00\" \/>\n<meta name=\"twitter:card\" content=\"summary_large_image\" \/>\n<meta name=\"twitter:label1\" content=\"Szacowany czas czytania\" \/>\n\t<meta name=\"twitter:data1\" content=\"5 minut\" \/>\n<script type=\"application\/ld+json\" class=\"yoast-schema-graph\">{\"@context\":\"https:\/\/schema.org\",\"@graph\":[{\"@type\":\"WebPage\",\"@id\":\"https:\/\/bigstarjeans.com\/pl\/2020-2\/\",\"url\":\"https:\/\/bigstarjeans.com\/pl\/2020-2\/\",\"name\":\"2020 | BIG STAR\",\"isPartOf\":{\"@id\":\"https:\/\/bigstarjeans.com\/#website\"},\"datePublished\":\"2021-12-22T11:24:31+00:00\",\"dateModified\":\"2021-12-22T12:33:36+00:00\",\"breadcrumb\":{\"@id\":\"https:\/\/bigstarjeans.com\/pl\/2020-2\/#breadcrumb\"},\"inLanguage\":\"pl-PL\",\"potentialAction\":[{\"@type\":\"ReadAction\",\"target\":[\"https:\/\/bigstarjeans.com\/pl\/2020-2\/\"]}]},{\"@type\":\"BreadcrumbList\",\"@id\":\"https:\/\/bigstarjeans.com\/pl\/2020-2\/#breadcrumb\",\"itemListElement\":[{\"@type\":\"ListItem\",\"position\":1,\"name\":\"Home\",\"item\":\"https:\/\/bigstarjeans.com\/pl\/home\/\"},{\"@type\":\"ListItem\",\"position\":2,\"name\":\"2020\"}]},{\"@type\":\"WebSite\",\"@id\":\"https:\/\/bigstarjeans.com\/#website\",\"url\":\"https:\/\/bigstarjeans.com\/\",\"name\":\"BIG STAR JEANS\",\"description\":\"\",\"publisher\":{\"@id\":\"https:\/\/bigstarjeans.com\/#organization\"},\"potentialAction\":[{\"@type\":\"SearchAction\",\"target\":{\"@type\":\"EntryPoint\",\"urlTemplate\":\"https:\/\/bigstarjeans.com\/?s={search_term_string}\"},\"query-input\":{\"@type\":\"PropertyValueSpecification\",\"valueRequired\":true,\"valueName\":\"search_term_string\"}}],\"inLanguage\":\"pl-PL\"},{\"@type\":\"Organization\",\"@id\":\"https:\/\/bigstarjeans.com\/#organization\",\"name\":\"BIG STAR Ltd. sp. z o.o.\",\"url\":\"https:\/\/bigstarjeans.com\/\",\"logo\":{\"@type\":\"ImageObject\",\"inLanguage\":\"pl-PL\",\"@id\":\"https:\/\/bigstarjeans.com\/#\/schema\/logo\/image\/\",\"url\":\"https:\/\/bigstarjeans.com\/wp-content\/uploads\/2018\/02\/BSLOGO.jpg\",\"contentUrl\":\"https:\/\/bigstarjeans.com\/wp-content\/uploads\/2018\/02\/BSLOGO.jpg\",\"width\":2021,\"height\":676,\"caption\":\"BIG STAR Ltd. sp. z o.o.\"},\"image\":{\"@id\":\"https:\/\/bigstarjeans.com\/#\/schema\/logo\/image\/\"},\"sameAs\":[\"https:\/\/www.facebook.com\/bigstareurope\/\",\"https:\/\/www.instagram.com\/bigstarjeans\/\",\"https:\/\/www.linkedin.com\/in\/big-star-europe-5497b13\/\",\"https:\/\/www.youtube.com\/channel\/UCoddnE2_XBA6TmSQJWY3ISQ\"]}]}<\/script>\n<!-- \/ Yoast SEO plugin. -->","yoast_head_json":{"title":"2020 | BIG STAR","robots":{"index":"index","follow":"follow","max-snippet":"max-snippet:-1","max-image-preview":"max-image-preview:large","max-video-preview":"max-video-preview:-1"},"canonical":"https:\/\/bigstarjeans.com\/pl\/2020-2\/","og_locale":"pl_PL","og_type":"article","og_title":"2020 | BIG STAR","og_description":"STRATEGIA PODATKOWA REALIZOWANA PRZEZ &#8222;BIG STAR LIMITED&#8221; SP\u00d3\u0141KA Z OGRANICZON\u0104 ODPOWIEDZIALNO\u015aCI\u0104 W ROKU 2020 WST\u0118P &nbsp; Dokument zosta\u0142 opracowany zgodnie z art. 27c ustawy o CIT wprowadzony ustaw\u0105 uchwalon\u0105 w dniu 28 listopada 2020 r. o zmianie ustaw podatkowych. W zwi\u0105zku z brakiem legalnej definicji \u201estrategii podatkowej\u201d, przy tworzeniu dokumentu wykorzystano opracowane przez Ministerstwo Finans\u00f3w [&hellip;]","og_url":"https:\/\/bigstarjeans.com\/pl\/2020-2\/","og_site_name":"BIG STAR JEANS","article_publisher":"https:\/\/www.facebook.com\/bigstareurope\/","article_modified_time":"2021-12-22T12:33:36+00:00","twitter_card":"summary_large_image","twitter_misc":{"Szacowany czas czytania":"5 minut"},"schema":{"@context":"https:\/\/schema.org","@graph":[{"@type":"WebPage","@id":"https:\/\/bigstarjeans.com\/pl\/2020-2\/","url":"https:\/\/bigstarjeans.com\/pl\/2020-2\/","name":"2020 | BIG STAR","isPartOf":{"@id":"https:\/\/bigstarjeans.com\/#website"},"datePublished":"2021-12-22T11:24:31+00:00","dateModified":"2021-12-22T12:33:36+00:00","breadcrumb":{"@id":"https:\/\/bigstarjeans.com\/pl\/2020-2\/#breadcrumb"},"inLanguage":"pl-PL","potentialAction":[{"@type":"ReadAction","target":["https:\/\/bigstarjeans.com\/pl\/2020-2\/"]}]},{"@type":"BreadcrumbList","@id":"https:\/\/bigstarjeans.com\/pl\/2020-2\/#breadcrumb","itemListElement":[{"@type":"ListItem","position":1,"name":"Home","item":"https:\/\/bigstarjeans.com\/pl\/home\/"},{"@type":"ListItem","position":2,"name":"2020"}]},{"@type":"WebSite","@id":"https:\/\/bigstarjeans.com\/#website","url":"https:\/\/bigstarjeans.com\/","name":"BIG STAR JEANS","description":"","publisher":{"@id":"https:\/\/bigstarjeans.com\/#organization"},"potentialAction":[{"@type":"SearchAction","target":{"@type":"EntryPoint","urlTemplate":"https:\/\/bigstarjeans.com\/?s={search_term_string}"},"query-input":{"@type":"PropertyValueSpecification","valueRequired":true,"valueName":"search_term_string"}}],"inLanguage":"pl-PL"},{"@type":"Organization","@id":"https:\/\/bigstarjeans.com\/#organization","name":"BIG STAR Ltd. sp. z o.o.","url":"https:\/\/bigstarjeans.com\/","logo":{"@type":"ImageObject","inLanguage":"pl-PL","@id":"https:\/\/bigstarjeans.com\/#\/schema\/logo\/image\/","url":"https:\/\/bigstarjeans.com\/wp-content\/uploads\/2018\/02\/BSLOGO.jpg","contentUrl":"https:\/\/bigstarjeans.com\/wp-content\/uploads\/2018\/02\/BSLOGO.jpg","width":2021,"height":676,"caption":"BIG STAR Ltd. sp. z o.o."},"image":{"@id":"https:\/\/bigstarjeans.com\/#\/schema\/logo\/image\/"},"sameAs":["https:\/\/www.facebook.com\/bigstareurope\/","https:\/\/www.instagram.com\/bigstarjeans\/","https:\/\/www.linkedin.com\/in\/big-star-europe-5497b13\/","https:\/\/www.youtube.com\/channel\/UCoddnE2_XBA6TmSQJWY3ISQ"]}]}},"_links":{"self":[{"href":"https:\/\/bigstarjeans.com\/pl\/wp-json\/wp\/v2\/pages\/44937","targetHints":{"allow":["GET"]}}],"collection":[{"href":"https:\/\/bigstarjeans.com\/pl\/wp-json\/wp\/v2\/pages"}],"about":[{"href":"https:\/\/bigstarjeans.com\/pl\/wp-json\/wp\/v2\/types\/page"}],"author":[{"embeddable":true,"href":"https:\/\/bigstarjeans.com\/pl\/wp-json\/wp\/v2\/users\/8"}],"replies":[{"embeddable":true,"href":"https:\/\/bigstarjeans.com\/pl\/wp-json\/wp\/v2\/comments?post=44937"}],"version-history":[{"count":23,"href":"https:\/\/bigstarjeans.com\/pl\/wp-json\/wp\/v2\/pages\/44937\/revisions"}],"predecessor-version":[{"id":49033,"href":"https:\/\/bigstarjeans.com\/pl\/wp-json\/wp\/v2\/pages\/44937\/revisions\/49033"}],"wp:attachment":[{"href":"https:\/\/bigstarjeans.com\/pl\/wp-json\/wp\/v2\/media?parent=44937"}],"curies":[{"name":"wp","href":"https:\/\/api.w.org\/{rel}","templated":true}]}}