{"id":50548,"date":"2023-12-21T08:00:07","date_gmt":"2023-12-21T08:00:07","guid":{"rendered":"https:\/\/bigstarjeans.com\/?page_id=50548"},"modified":"2023-12-21T08:00:07","modified_gmt":"2023-12-21T08:00:07","slug":"2022-2","status":"publish","type":"page","link":"https:\/\/bigstarjeans.com\/pl\/2022-2\/","title":{"rendered":"2022"},"content":{"rendered":"<h4 style=\"text-align: center;\">STRATEGIA PODATKOWA REALIZOWANA PRZEZ<\/h4>\n<h4 style=\"text-align: center;\">BIG STAR Limited z o.o.<\/h4>\n<h4 style=\"text-align: center;\">W ROKU 2022<\/h4>\n<p>&nbsp;<\/p>\n<h4 style=\"text-align: center;\">WST\u0118P<\/h4>\n<p>&nbsp;<\/p>\n<h4>Dokument zosta\u0142 opracowany zgodnie z art. 27c ustawy o CIT wprowadzony ustaw\u0105 uchwalon\u0105 w dniu 28 listopada 2020r o zmianie ustaw podatkowych.<\/h4>\n<h4>W zwi\u0105zku z brakiem legalnej definicji \u201estrategii podatkowej\u201d, przy tworzeniu dokumentu wykorzystano opracowane przez Ministerstwo Finans\u00f3w \u201eWytyczne w zakresie Ram Wewn\u0119trznego Nadzoru Podatkowego\u201d (dalej: wytyczne RWNP). Zgodnie z Wytycznymi RWNP:<\/h4>\n<h4>&#8211; \u201eStrategia podatkowa podmiotu wskazuje wizj\u0119 i misj\u0119 podatkow\u0105 oraz cele podatkowe (d\u0142ugoterminowe), uwzgl\u0119dniaj\u0105c jednocze\u015bnie ich wp\u0142yw na realizacj\u0119 cel\u00f3w biznesowych podmiotu.\u201d<\/h4>\n<h4>&#8211; \u201eStrategia podatkowa powinna by\u0107 katalogiem formu\u0142 decyzyjnych, obejmuj\u0105cych cele oraz \u015brodki umo\u017cliwiaj\u0105ce prawid\u0142ow\u0105 i terminow\u0105 realizacj\u0119 obowi\u0105zk\u00f3w podatkowych.\u201d<\/h4>\n<h4>Przedsi\u0119biorstwo BIG STAR Limited z o.o. dzia\u0142aj\u0105ce w bran\u017cy odzie\u017cowej, realizuje swoje cele gospodarcze poprzez rozleg\u0142\u0105 sie\u0107 plac\u00f3wek handlowych prowadzonych we wszystkich regionach Polski. W roku 2022 by\u0142o to 201 plac\u00f3wek. Rok 2022 by\u0142 pierwszym rokiem po pandemii Covid-19, w kt\u00f3rym na mocy przepis\u00f3w prawnych nie dokonano zamkni\u0119\u0107 plac\u00f3wek handlowych. Jednak w lutym 2022r. rozpocz\u0119\u0142a si\u0119 wojna w Ukrainie, kt\u00f3ra mia\u0142a bardzo du\u017cy wp\u0142yw na osi\u0105gane przez Sp\u00f3\u0142k\u0119 przychody ze sprzeda\u017cy. Pierwsze miesi\u0105ce po wybuchu wojny nie sprzyja\u0142y sprzeda\u017cy w bran\u017cy. Dodatkowo du\u017cy wp\u0142yw na ponoszone koszty mia\u0142 kryzys i rosn\u0105ca inflacja. Rosn\u0105ce gwa\u0142townie kursy walut i frachty w transporcie oraz wysokie ceny paliw, energii elektrycznej i gazu doprowadzi\u0142y do zwi\u0119kszenia koszt\u00f3w dzia\u0142alno\u015bci. Podj\u0119te jednak odpowiednio wcze\u015bnie dzia\u0142ania zmierzaj\u0105ce do ograniczenia koszt\u00f3w poprzez renegocjacj\u0119 stawek czynszowych, ograniczenie zu\u017cycia energii (m.in. poprzez wymian\u0119 o\u015bwietlenia w sieci sklep\u00f3w na o\u015bwietlenie ledowe) oraz rozbudow\u0119 instalacji fotowoltaicznej w centrali Sp\u00f3\u0142ki. Dokonano tak\u017ce dywersyfikacji produkcji, ustabilizowano rosn\u0105cy trend koszt\u00f3w i w konsekwencji zako\u0144czono 2022r. poziomem koszt\u00f3w dzia\u0142alno\u015bci ni\u017cszym o 4% od planowanego. Niestety z uwagi na powy\u017csze czynniki r\u00f3wnie\u017c przychody i zrealizowana mar\u017ca osi\u0105gn\u0119\u0142y poziomy ni\u017csze od zak\u0142adanych \u2013 mimo wszystko s\u0105 to warto\u015bci wy\u017csze od osi\u0105gni\u0119tych w 2021r.<\/h4>\n<p>&nbsp;<\/p>\n<h4 style=\"text-align: center;\">INFORMACJE PODSTAWOWE<\/h4>\n<p>&nbsp;<\/p>\n<h4><em>1. Informacja o planowanych lub podejmowanych przez podatnika dzia\u0142aniach restrukturyzacyjnych mog\u0105cych mie\u0107 wp\u0142yw na wysoko\u015b\u0107 zobowi\u0105za\u0144 jego lub podmiot\u00f3w z nim powi\u0105zanych. <\/em><\/h4>\n<h4>Sp\u00f3\u0142ka nie podejmowa\u0142a w roku 2022 i nie planuje dzia\u0142a\u0144 restrukturyzacyjnych.<\/h4>\n<h4><\/h4>\n<p>&nbsp;<\/p>\n<h4><em>2. Opis stosowanych proces\u00f3w oraz procedur dotycz\u0105cych zarz\u0105dzania wykonywaniem obowi\u0105zk\u00f3w wynikaj\u0105cych z przepis\u00f3w podatkowych i zapewniaj\u0105cych ich prawid\u0142owo\u015b\u0107.<\/em><\/h4>\n<p>&nbsp;<\/p>\n<h4>a) procedura rejestracji zdarze\u0144 gospodarczych w plac\u00f3wkach<\/h4>\n<h4>handlowych obejmuj\u0105ca zbi\u00f3r zasad post\u0119powania w odniesieniu<\/h4>\n<h4>do poszczeg\u00f3lnych rodzaj\u00f3w tych zdarze\u0144:<\/h4>\n<h4>\u2013 raportowanie danych z kas rejestruj\u0105cych;<\/h4>\n<h4>&#8211; prowadzenie rozlicze\u0144 got\u00f3wkowych;<\/h4>\n<h4>&#8211; raportowanie stan\u00f3w magazynowych;<\/h4>\n<h4>&#8211; zakupy bie\u017c\u0105ce (kosztowe) dokonywane bezpo\u015brednio w sklepie i ich raportowanie;<\/h4>\n<h4>&#8211; wystawianie faktur VAT do paragon\u00f3w z uwzgl\u0119dnieniem obowi\u0105zuj\u0105cych regulacji prawnych (NIP nabywcy \u2013 podatnika, faktury uproszczone itp.);<\/h4>\n<h4>&#8211; rozliczenia w procedurze TAX-FREE;<\/h4>\n<h4>&#8211; serwisowanie, wymiana kas rejestruj\u0105cych.<\/h4>\n<h4>Procedura obejmuje okre\u015blenie termin\u00f3w raportowania, wskazuje kom\u00f3rki organizacyjne oraz osoby odpowiedzialne za realizacj\u0119 procedury.<\/h4>\n<p>&nbsp;<\/p>\n<h4>b) sta\u0142a procedura kontroli, akceptacji i regulowania faktur zakupu:<\/h4>\n<h4>&#8211; ocena i kontrola celowo\u015bci zakupu oraz zgodno\u015bci tre\u015bci faktur ze stanem rzeczywistym, kwalifikacja wydatk\u00f3w do koszt\u00f3w uzyskania przychod\u00f3w;<\/h4>\n<h4>&#8211; weryfikacja kontrahent\u00f3w (wystawc\u00f3w faktur) jako czynnych podatnik\u00f3w podatku VAT \u2013 zasada nale\u017cytej staranno\u015bci;<\/h4>\n<h4>&#8211; mechanizm podzielonej p\u0142atno\u015bci (mpp) \u2013 wprowadzenie zasady p\u0142atno\u015bci faktur obj\u0119tych trybem mpp \u2013 bez wzgl\u0119du na ich warto\u015b\u0107.<\/h4>\n<h4>&#8211; weryfikacja kontrahent\u00f3w z kraj\u00f3w Unii Europejskiej (wystawc\u00f3w faktur) jako czynnych podatnik\u00f3w podatku VAT (system VIES);<\/h4>\n<h4>&#8211; weryfikacja podmiot\u00f3w zagranicznych \u015bwiadcz\u0105cych us\u0142ugi, o kt\u00f3rych mowa w art. 21 ust. 1 pkt 2a ustawy o podatku dochodowym od os\u00f3b prawnych \u2013 pozyskiwanie certyfikatu rezydencji podatkowej.<\/h4>\n<h4>W procedurze wskazane s\u0105 kom\u00f3rki organizacyjne oraz osoby odpowiedzialne za realizacj\u0119 procedury, ponadto okre\u015blono tu zasady obiegu informacji i dokument\u00f3w.<\/h4>\n<p>&nbsp;<\/p>\n<h4>c) w spos\u00f3b ci\u0105g\u0142y jest prowadzony przegl\u0105d poszczeg\u00f3lnych proces\u00f3w i procedur, dokonuje si\u0119 ich modyfikacji (m.in. automatyzacja proces\u00f3w). W roku 2022 stosowano wprowadzony w 2021r na szerok\u0105 skal\u0119 elektroniczny obieg dokument\u00f3w. W efekcie osi\u0105ga si\u0119 nie tylko redukcj\u0119 koszt\u00f3w, lecz przede wszystkim eliminowane jest ryzyko powstania b\u0142\u0119d\u00f3w w rozliczeniach podatkowych.<\/h4>\n<p>&nbsp;<\/p>\n<h4><em>3. Informacja na temat dokonywania rozlicze\u0144 w krajach stosuj\u0105cych szkodliw\u0105 konkurencj\u0119 podatkow\u0105. <\/em><\/h4>\n<h4>Sp\u00f3\u0142ka BIG STAR Limited z o.o. nie dokonuje rozlicze\u0144 w krajach stosuj\u0105cych szkodliw\u0105 konkurencj\u0119 podatkow\u0105.<\/h4>\n<p>&nbsp;<\/p>\n<h4><em>4. Liczba przekazanych informacji o <strong>schematach podatkowych (MDR) <\/strong>z podzia\u0142em na podatki. <\/em><\/h4>\n<h4>Sp\u00f3\u0142ka BIG STAR Limited z o.o. nie tworzy\u0142a i nie korzysta\u0142a w roku 2022 ze schemat\u00f3w podatkowych.<\/h4>\n<p>&nbsp;<\/p>\n<h4><em>5. Informacje o z\u0142o\u017conych wnioskach o wydanie indywidualnych i og\u00f3lnych interpretacji przepis\u00f3w prawa podatkowego, wi\u0105\u017c\u0105cych informacji stawkowych oraz wi\u0105\u017c\u0105cych informacji akcyzowych. <\/em><\/h4>\n<h4>W roku 2022 nie istnia\u0142a potrzeba wyst\u0119powania do Krajowej Administracji Skarbowej o wydanie indywidualnych interpretacji przepis\u00f3w prawa podatkowego czy te\u017c wi\u0105\u017c\u0105cych informacji stawkowych. Sp\u00f3\u0142ka nie jest p\u0142atnikiem podatku akcyzowego.<\/h4>\n<p>&nbsp;<\/p>\n<h4><em>6<\/em><em>. Informacje o transakcjach z podmiotami powi\u0105zanymi, kt\u00f3rych warto\u015b\u0107 przekracza 5% sumy bilansowej aktyw\u00f3w. <\/em><\/h4>\n<h4>W roku 2022 nie wyst\u0105pi\u0142y transakcje z podmiotami powi\u0105zanymi przekraczaj\u0105ce 5% sumy bilansowej aktyw\u00f3w.<\/h4>\n<p>&nbsp;<\/p>\n<h4 style=\"text-align: center;\">INFORMACJE DODATKOWE<\/h4>\n<p>&nbsp;<\/p>\n<h4>W roku 2022 nie odnotowano w Sp\u00f3\u0142ce BIG STAR Limited z o.o. zagro\u017ce\u0144 podatkowych, mimo znacznego zak\u0142\u00f3cenia proces\u00f3w gospodarczych zwi\u0105zanego m.in. z wojn\u0105 w Ukrainie i wysok\u0105 inflacj\u0105. Stabilne zasady finansowania i ugruntowana pozycja na rynku w po\u0142\u0105czeniu z prawid\u0142ow\u0105 organizacj\u0105 s\u0142u\u017cb odpowiedzianych w sp\u00f3\u0142ce za rozliczenia ksi\u0119gowe i podatkowe gwarantuj\u0105 skutecznie ograniczenie lub wyeliminowanie ryzyka podatkowego. Eliminowanie ryzyka podatkowego osi\u0105gane jest ponadto poprzez utrzymywanie sta\u0142ej wsp\u00f3\u0142pracy z Kancelari\u0105 Adwokack\u0105 oraz z Kancelari\u0105 Doradcy Podatkowego. Jest utrzymywany sta\u0142y dost\u0119p do profesjonalnej platformy szkoleniowej, na kt\u00f3rej s\u0105 prowadzone szkolenia online z zakresu finans\u00f3w, podatk\u00f3w, kadr i p\u0142ac. Okazjonalnie korzysta si\u0119 ze szkole\u0144 w zakresie prawa bilansowego. Obowi\u0105zuj\u0105ca w sp\u00f3\u0142ce strategia p\u0142atno\u015bci zobowi\u0105za\u0144 podatkowych zak\u0142ada bezwzgl\u0119dne pierwsze\u0144stwo tych p\u0142atno\u015bci przed innymi zobowi\u0105zaniami. Sp\u00f3\u0142ka BIG STAR Limited z o.o. wp\u0142aci\u0142a do Bud\u017cetu Pa\u0144stwa za rok podatkowy 2022 2,13 mln z\u0142 z tytu\u0142u podatku dochodowego CIT oraz 38,73 mln z\u0142 podatku VAT. Suma bilansowa wynios\u0142a na dzie\u0144 31.12.2022r. 162.306.262 z\u0142. Sp\u00f3\u0142ka jest w regionie znacz\u0105cym pracodawc\u0105, zatrudnia te\u017c pracownik\u00f3w w plac\u00f3wkach handlowych w ca\u0142ym kraju. W dniu 31.12.2022r Sp\u00f3\u0142ka zatrudnia\u0142a 969 pracownik\u00f3w (915 etat\u00f3w). Pocz\u0105wszy od czwartego kwarta\u0142u roku 2022 rozpocz\u0119\u0142a si\u0119 sprzeda\u017c produkt\u00f3w i towar\u00f3w dla odbiorc\u00f3w indywidualnych (os\u00f3b fizycznych) z innych kraj\u00f3w Unii Europejskiej w ramach procedury OSS, tzn. z zastosowaniem stawek VAT w\u0142a\u015bciwych dla poszczeg\u00f3lnych kraj\u00f3w UE. Jest to nowy element strategii gospodarczej Sp\u00f3\u0142ki zmierzaj\u0105cy do poszerzenia rynk\u00f3w zbytu. Wykorzystano do tego jedn\u0105 ze znanych internetowych platform handlowych. W zwi\u0105zku ze zbli\u017caj\u0105cym si\u0119 terminem obowi\u0105zkowego stosowania Krajowego Systemu e-Faktur (KSeF) podj\u0119to analiz\u0119 mo\u017cliwo\u015bci odpowiedniego przygotowania obecnie stosowanego oprogramowania, np. poprzez rozszerzenie modu\u0142\u00f3w, czy te\u017c b\u0119dzie niezb\u0119dny zakup nowego oprogramowania.<\/h4>\n<h4>Od roku 2020 Sp\u00f3\u0142ka korzysta z us\u0142ugi dedykowanej kluczowym podmiotom z grupy podatnik\u00f3w rozliczaj\u0105cych si\u0119 w wyspecjalizowanych urz\u0119dach skarbowych. W ramach tej us\u0142ugi zosta\u0142a utworzona infolinia na poziomie Centrum Obs\u0142ugi Kluczowych Podmiot\u00f3w. Dla Sp\u00f3\u0142ki zosta\u0142 wybrany opiekun do indywidualnego kontaktu z urz\u0119dem skarbowym. Zapewnione jest \u2013 poprzez mo\u017cliwo\u015b\u0107 szybkiego kontaktu \u2013 aktywne, optymalne wsparcie w zakresie spraw za\u0142atwianych w urz\u0119dzie. Kontakt z opiekunem jest utrzymywany przez wskazane osoby, zgodnie z zasadami okre\u015blonymi dla tej us\u0142ugi.<\/h4>\n<h4>Strategia podatkowa Sp\u00f3\u0142ki BIG STAR Limited z o.o. b\u0119dzie w przysz\u0142ych latach modyfikowana w takim zakresie, kt\u00f3ry zapewni implementacj\u0119 nowych regulacji prawnych.<\/h4>\n","protected":false},"excerpt":{"rendered":"<p>STRATEGIA PODATKOWA REALIZOWANA PRZEZ BIG STAR Limited z o.o. W ROKU 2022 &nbsp; WST\u0118P &nbsp; Dokument zosta\u0142 opracowany zgodnie z art. 27c ustawy o CIT wprowadzony ustaw\u0105 uchwalon\u0105 w dniu 28 listopada 2020r o zmianie ustaw podatkowych. W zwi\u0105zku z brakiem legalnej definicji \u201estrategii podatkowej\u201d, przy tworzeniu dokumentu wykorzystano opracowane przez Ministerstwo Finans\u00f3w \u201eWytyczne w [&hellip;]<\/p>\n","protected":false},"author":5,"featured_media":0,"parent":0,"menu_order":0,"comment_status":"closed","ping_status":"closed","template":"","meta":{"footnotes":""},"class_list":["post-50548","page","type-page","status-publish","hentry"],"yoast_head":"<!-- This site is optimized with the Yoast SEO plugin v25.6 - https:\/\/yoast.com\/wordpress\/plugins\/seo\/ -->\n<title>2022 | BIG STAR<\/title>\n<meta name=\"robots\" content=\"index, follow, max-snippet:-1, max-image-preview:large, max-video-preview:-1\" \/>\n<link rel=\"canonical\" href=\"https:\/\/bigstarjeans.com\/pl\/2022-2\/\" \/>\n<meta property=\"og:locale\" content=\"pl_PL\" \/>\n<meta property=\"og:type\" content=\"article\" \/>\n<meta property=\"og:title\" content=\"2022 | BIG STAR\" \/>\n<meta property=\"og:description\" content=\"STRATEGIA PODATKOWA REALIZOWANA PRZEZ BIG STAR Limited z o.o. W ROKU 2022 &nbsp; WST\u0118P &nbsp; Dokument zosta\u0142 opracowany zgodnie z art. 27c ustawy o CIT wprowadzony ustaw\u0105 uchwalon\u0105 w dniu 28 listopada 2020r o zmianie ustaw podatkowych. W zwi\u0105zku z brakiem legalnej definicji \u201estrategii podatkowej\u201d, przy tworzeniu dokumentu wykorzystano opracowane przez Ministerstwo Finans\u00f3w \u201eWytyczne w [&hellip;]\" \/>\n<meta property=\"og:url\" content=\"https:\/\/bigstarjeans.com\/pl\/2022-2\/\" \/>\n<meta property=\"og:site_name\" content=\"BIG STAR JEANS\" \/>\n<meta property=\"article:publisher\" content=\"https:\/\/www.facebook.com\/bigstareurope\/\" \/>\n<meta name=\"twitter:card\" content=\"summary_large_image\" \/>\n<meta name=\"twitter:label1\" content=\"Szacowany czas czytania\" \/>\n\t<meta name=\"twitter:data1\" content=\"5 minut\" \/>\n<script type=\"application\/ld+json\" class=\"yoast-schema-graph\">{\"@context\":\"https:\/\/schema.org\",\"@graph\":[{\"@type\":\"WebPage\",\"@id\":\"https:\/\/bigstarjeans.com\/pl\/2022-2\/\",\"url\":\"https:\/\/bigstarjeans.com\/pl\/2022-2\/\",\"name\":\"2022 | BIG STAR\",\"isPartOf\":{\"@id\":\"https:\/\/bigstarjeans.com\/#website\"},\"datePublished\":\"2023-12-21T08:00:07+00:00\",\"breadcrumb\":{\"@id\":\"https:\/\/bigstarjeans.com\/pl\/2022-2\/#breadcrumb\"},\"inLanguage\":\"pl-PL\",\"potentialAction\":[{\"@type\":\"ReadAction\",\"target\":[\"https:\/\/bigstarjeans.com\/pl\/2022-2\/\"]}]},{\"@type\":\"BreadcrumbList\",\"@id\":\"https:\/\/bigstarjeans.com\/pl\/2022-2\/#breadcrumb\",\"itemListElement\":[{\"@type\":\"ListItem\",\"position\":1,\"name\":\"Home\",\"item\":\"https:\/\/bigstarjeans.com\/pl\/home\/\"},{\"@type\":\"ListItem\",\"position\":2,\"name\":\"2022\"}]},{\"@type\":\"WebSite\",\"@id\":\"https:\/\/bigstarjeans.com\/#website\",\"url\":\"https:\/\/bigstarjeans.com\/\",\"name\":\"BIG STAR JEANS\",\"description\":\"\",\"publisher\":{\"@id\":\"https:\/\/bigstarjeans.com\/#organization\"},\"potentialAction\":[{\"@type\":\"SearchAction\",\"target\":{\"@type\":\"EntryPoint\",\"urlTemplate\":\"https:\/\/bigstarjeans.com\/?s={search_term_string}\"},\"query-input\":{\"@type\":\"PropertyValueSpecification\",\"valueRequired\":true,\"valueName\":\"search_term_string\"}}],\"inLanguage\":\"pl-PL\"},{\"@type\":\"Organization\",\"@id\":\"https:\/\/bigstarjeans.com\/#organization\",\"name\":\"BIG STAR Ltd. sp. z o.o.\",\"url\":\"https:\/\/bigstarjeans.com\/\",\"logo\":{\"@type\":\"ImageObject\",\"inLanguage\":\"pl-PL\",\"@id\":\"https:\/\/bigstarjeans.com\/#\/schema\/logo\/image\/\",\"url\":\"https:\/\/bigstarjeans.com\/wp-content\/uploads\/2018\/02\/BSLOGO.jpg\",\"contentUrl\":\"https:\/\/bigstarjeans.com\/wp-content\/uploads\/2018\/02\/BSLOGO.jpg\",\"width\":2021,\"height\":676,\"caption\":\"BIG STAR Ltd. sp. z o.o.\"},\"image\":{\"@id\":\"https:\/\/bigstarjeans.com\/#\/schema\/logo\/image\/\"},\"sameAs\":[\"https:\/\/www.facebook.com\/bigstareurope\/\",\"https:\/\/www.instagram.com\/bigstarjeans\/\",\"https:\/\/www.linkedin.com\/in\/big-star-europe-5497b13\/\",\"https:\/\/www.youtube.com\/channel\/UCoddnE2_XBA6TmSQJWY3ISQ\"]}]}<\/script>\n<!-- \/ Yoast SEO plugin. -->","yoast_head_json":{"title":"2022 | BIG STAR","robots":{"index":"index","follow":"follow","max-snippet":"max-snippet:-1","max-image-preview":"max-image-preview:large","max-video-preview":"max-video-preview:-1"},"canonical":"https:\/\/bigstarjeans.com\/pl\/2022-2\/","og_locale":"pl_PL","og_type":"article","og_title":"2022 | BIG STAR","og_description":"STRATEGIA PODATKOWA REALIZOWANA PRZEZ BIG STAR Limited z o.o. W ROKU 2022 &nbsp; WST\u0118P &nbsp; Dokument zosta\u0142 opracowany zgodnie z art. 27c ustawy o CIT wprowadzony ustaw\u0105 uchwalon\u0105 w dniu 28 listopada 2020r o zmianie ustaw podatkowych. W zwi\u0105zku z brakiem legalnej definicji \u201estrategii podatkowej\u201d, przy tworzeniu dokumentu wykorzystano opracowane przez Ministerstwo Finans\u00f3w \u201eWytyczne w [&hellip;]","og_url":"https:\/\/bigstarjeans.com\/pl\/2022-2\/","og_site_name":"BIG STAR JEANS","article_publisher":"https:\/\/www.facebook.com\/bigstareurope\/","twitter_card":"summary_large_image","twitter_misc":{"Szacowany czas czytania":"5 minut"},"schema":{"@context":"https:\/\/schema.org","@graph":[{"@type":"WebPage","@id":"https:\/\/bigstarjeans.com\/pl\/2022-2\/","url":"https:\/\/bigstarjeans.com\/pl\/2022-2\/","name":"2022 | BIG STAR","isPartOf":{"@id":"https:\/\/bigstarjeans.com\/#website"},"datePublished":"2023-12-21T08:00:07+00:00","breadcrumb":{"@id":"https:\/\/bigstarjeans.com\/pl\/2022-2\/#breadcrumb"},"inLanguage":"pl-PL","potentialAction":[{"@type":"ReadAction","target":["https:\/\/bigstarjeans.com\/pl\/2022-2\/"]}]},{"@type":"BreadcrumbList","@id":"https:\/\/bigstarjeans.com\/pl\/2022-2\/#breadcrumb","itemListElement":[{"@type":"ListItem","position":1,"name":"Home","item":"https:\/\/bigstarjeans.com\/pl\/home\/"},{"@type":"ListItem","position":2,"name":"2022"}]},{"@type":"WebSite","@id":"https:\/\/bigstarjeans.com\/#website","url":"https:\/\/bigstarjeans.com\/","name":"BIG STAR JEANS","description":"","publisher":{"@id":"https:\/\/bigstarjeans.com\/#organization"},"potentialAction":[{"@type":"SearchAction","target":{"@type":"EntryPoint","urlTemplate":"https:\/\/bigstarjeans.com\/?s={search_term_string}"},"query-input":{"@type":"PropertyValueSpecification","valueRequired":true,"valueName":"search_term_string"}}],"inLanguage":"pl-PL"},{"@type":"Organization","@id":"https:\/\/bigstarjeans.com\/#organization","name":"BIG STAR Ltd. sp. z o.o.","url":"https:\/\/bigstarjeans.com\/","logo":{"@type":"ImageObject","inLanguage":"pl-PL","@id":"https:\/\/bigstarjeans.com\/#\/schema\/logo\/image\/","url":"https:\/\/bigstarjeans.com\/wp-content\/uploads\/2018\/02\/BSLOGO.jpg","contentUrl":"https:\/\/bigstarjeans.com\/wp-content\/uploads\/2018\/02\/BSLOGO.jpg","width":2021,"height":676,"caption":"BIG STAR Ltd. sp. z o.o."},"image":{"@id":"https:\/\/bigstarjeans.com\/#\/schema\/logo\/image\/"},"sameAs":["https:\/\/www.facebook.com\/bigstareurope\/","https:\/\/www.instagram.com\/bigstarjeans\/","https:\/\/www.linkedin.com\/in\/big-star-europe-5497b13\/","https:\/\/www.youtube.com\/channel\/UCoddnE2_XBA6TmSQJWY3ISQ"]}]}},"_links":{"self":[{"href":"https:\/\/bigstarjeans.com\/pl\/wp-json\/wp\/v2\/pages\/50548","targetHints":{"allow":["GET"]}}],"collection":[{"href":"https:\/\/bigstarjeans.com\/pl\/wp-json\/wp\/v2\/pages"}],"about":[{"href":"https:\/\/bigstarjeans.com\/pl\/wp-json\/wp\/v2\/types\/page"}],"author":[{"embeddable":true,"href":"https:\/\/bigstarjeans.com\/pl\/wp-json\/wp\/v2\/users\/5"}],"replies":[{"embeddable":true,"href":"https:\/\/bigstarjeans.com\/pl\/wp-json\/wp\/v2\/comments?post=50548"}],"version-history":[{"count":8,"href":"https:\/\/bigstarjeans.com\/pl\/wp-json\/wp\/v2\/pages\/50548\/revisions"}],"predecessor-version":[{"id":53276,"href":"https:\/\/bigstarjeans.com\/pl\/wp-json\/wp\/v2\/pages\/50548\/revisions\/53276"}],"wp:attachment":[{"href":"https:\/\/bigstarjeans.com\/pl\/wp-json\/wp\/v2\/media?parent=50548"}],"curies":[{"name":"wp","href":"https:\/\/api.w.org\/{rel}","templated":true}]}}