{"id":53275,"date":"2024-12-20T12:20:38","date_gmt":"2024-12-20T12:20:38","guid":{"rendered":"https:\/\/bigstarjeans.com\/?page_id=53275"},"modified":"2024-12-20T14:03:05","modified_gmt":"2024-12-20T14:03:05","slug":"2023-2","status":"publish","type":"page","link":"https:\/\/bigstarjeans.com\/pl\/2023-2\/","title":{"rendered":"2023"},"content":{"rendered":"<p style=\"text-align: center;\"><strong>STRATEGIA PODATKOWA <\/strong><\/p>\n<p style=\"text-align: center;\"><strong>REALIZOWANA PRZEZ BIG STAR LIMITED SP. Z O.O. W ROKU 2023<\/strong><\/p>\n<p>&nbsp;<\/p>\n<p style=\"text-align: center;\"><strong>WST\u0118P<\/strong><\/p>\n<p>&nbsp;<\/p>\n<p><strong>Dokument zosta\u0142 opracowany zgodnie z art. 27c ustawy o CIT wprowadzonym ustaw\u0105 uchwalon\u0105 w dniu 28 listopada 2020r o zmianie ustaw podatkowych.<\/strong><\/p>\n<p><strong>W zwi\u0105zku z brakiem legalnej definicji \u201estrategii podatkowej\u201d, przy tworzeniu dokumentu wykorzystano opracowane przez Ministerstwo Finans\u00f3w \u201eWytyczne w zakresie Ram Wewn\u0119trznego Nadzoru Podatkowego\u201d (dalej: wytyczne RWNP).<\/strong><\/p>\n<p><strong>Zgodnie z Wytycznymi RWNP:<\/strong><\/p>\n<p><strong>&#8211; \u201eStrategia podatkowa podmiotu wskazuje wizj\u0119 i misj\u0119 podatkow\u0105 oraz cele podatkowe (d\u0142ugoterminowe), uwzgl\u0119dniaj\u0105c jednocze\u015bnie ich wp\u0142yw na realizacj\u0119 cel\u00f3w biznesowych podmiotu.\u201d<\/strong><\/p>\n<p><strong>&#8211; \u201eStrategia podatkowa powinna by\u0107 katalogiem formu\u0142 decyzyjnych, obejmuj\u0105cych cele oraz \u015brodki umo\u017cliwiaj\u0105ce prawid\u0142ow\u0105 i terminow\u0105 realizacj\u0119 obowi\u0105zk\u00f3w podatkowych.\u201d<\/strong><\/p>\n<p><strong>Przedsi\u0119biorstwo BIG STAR Limited Sp. z o.o. dzia\u0142aj\u0105ce w bran\u017cy odzie\u017cowej, zar\u00f3wno<\/strong><br \/>\n<strong>w sferze produkcji jak i handlu, realizuje swoje cele gospodarcze poprzez rozleg\u0142\u0105 sie\u0107 plac\u00f3wek handlowych prowadzonych we wszystkich regionach Polski. W roku 2023 dzia\u0142a\u0142o 197 plac\u00f3wek. W lutym 2022 r. rozpocz\u0119\u0142a si\u0119 wojna w Ukrainie, kt\u00f3ra w\u00f3wczas mia\u0142a bardzo du\u017cy wp\u0142yw na osi\u0105gane przez Sp\u00f3\u0142k\u0119 przychody ze sprzeda\u017cy. W roku 2023 r\u00f3wnie\u017c by\u0142y obserwowane negatywne skutki wojny, co nie sprzyja\u0142o rozwojowi sprzeda\u017cy w bran\u017cy. Niezmiennie du\u017cy wp\u0142yw na wyniki finansowe ma wysoka inflacja. Utrzymuj\u0105 si\u0119 na wysokim poziomie koszty fracht\u00f3w w transporcie oraz ceny paliw, energii elektrycznej i gazu. Konsekwentna, sta\u0142a analiza koszt\u00f3w dzia\u0142alno\u015bci przynosi oczekiwane efekty, ograniczenie zu\u017cycia energii (m.in. poprzez wymian\u0119 o\u015bwietlenia w sieci sklep\u00f3w na o\u015bwietlenie ledowe), zosta\u0142a rozbudowana instalacja fotowoltaiczna w centrali Sp\u00f3\u0142ki. Ryzyko wzrostu cen dostarczanych surowc\u00f3w i us\u0142ug jest ograniczane poprzez sta\u0142e negocjacje z dostawcami.<\/strong><\/p>\n<p><strong>Sp\u00f3\u0142ka nara\u017cona jest na ryzyka kursowe, jakkolwiek nale\u017cy odnotowa\u0107 znaczne wzmocnienie polskiej waluty wobec dolara ameryka\u0144skiego i euro. Kursy tych walut na koniec roku 2023 by\u0142y znacz\u0105co ni\u017csze, ni\u017c na koniec roku 2022.<\/strong><\/p>\n<p>&nbsp;<\/p>\n<p><strong>INFORMACJE PODSTAWOWE<\/strong><\/p>\n<ol>\n<li><strong><em>Informacja o planowanych lub podejmowanych przez podatnika dzia\u0142aniach restrukturyzacyjnych mog\u0105cych mie\u0107 wp\u0142yw na wysoko\u015b\u0107 zobowi\u0105za\u0144 jego lub podmiot\u00f3w z nim powi\u0105zanych. <\/em><\/strong><\/li>\n<\/ol>\n<p>&nbsp;<\/p>\n<p><strong>Sp\u00f3\u0142ka nie podejmowa\u0142a w roku 2023 i nie planuje dzia\u0142a\u0144 restrukturyzacyjnych.<\/strong><\/p>\n<p>&nbsp;<\/p>\n<ol start=\"2\">\n<li><strong><em>Opis stosowanych proces\u00f3w oraz procedur dotycz\u0105cych zarz\u0105dzania wykonywaniem obowi\u0105zk\u00f3w wynikaj\u0105cych z przepis\u00f3w podatkowych i zapewniaj\u0105cych ich prawid\u0142owo\u015b\u0107. <\/em><\/strong><\/li>\n<\/ol>\n<p>&nbsp;<\/p>\n<p>a)<strong> procedura rejestracji zdarze\u0144 gospodarczych w plac\u00f3wkach handlowych obejmuj\u0105ca zbi\u00f3r zasad post\u0119powania w odniesieniu do poszczeg\u00f3lnych rodzaj\u00f3w tych zdarze\u0144:<\/strong><\/p>\n<p><strong>&#8211; raportowanie danych z kas rejestruj\u0105cych;<\/strong><\/p>\n<p><strong>&#8211; prowadzenie rozlicze\u0144 got\u00f3wkowych;<\/strong><\/p>\n<p><strong>&#8211; raportowanie stan\u00f3w magazynowych;<\/strong><\/p>\n<p><strong>&#8211; zakupy bie\u017c\u0105ce (kosztowe) dokonywane bezpo\u015brednio w sklepie i ich raportowanie;<\/strong><\/p>\n<p><strong>&#8211; wystawianie faktur VAT do paragon\u00f3w z uwzgl\u0119dnieniem obowi\u0105zuj\u0105cych regulacji prawnych (NIP nabywcy \u2013 podatnika, faktury uproszczone itp.);<\/strong><\/p>\n<p><strong>&#8211; rozliczenia w procedurze TAX-FREE;<\/strong><\/p>\n<p><strong>&#8211; serwisowanie, wymiana kas rejestruj\u0105cych.<\/strong><\/p>\n<p><strong>Procedura obejmuje okre\u015blenie termin\u00f3w raportowania, wskazuje kom\u00f3rki organizacyjne oraz osoby odpowiedzialne za realizacj\u0119 procedury.<\/strong><\/p>\n<p>&nbsp;<\/p>\n<p>b)<strong> sta\u0142a procedura kontroli, akceptacji i regulowania faktur zakupu:<\/strong><br \/>\n<strong>&#8211; ocena i kontrola celowo\u015bci zakupu oraz zgodno\u015bci tre\u015bci faktur ze stanem rzeczywistym, kwalifikacja wydatk\u00f3w do koszt\u00f3w uzyskania przychod\u00f3w;<\/strong><\/p>\n<p><strong>&#8211; weryfikacja kontrahent\u00f3w (wystawc\u00f3w faktur) jako czynnych podatnik\u00f3w podatku VAT \u2013 zasada nale\u017cytej staranno\u015bci;<\/strong><\/p>\n<p><strong>&#8211; weryfikacja kontrahent\u00f3w (wystawc\u00f3w faktur) i ich numer\u00f3w rachunk\u00f3w bankowych wskazanych do p\u0142atno\u015bci (\u201ebia\u0142a lista\u201d), w szczeg\u00f3lnych przypadkach sk\u0142adanie w ustawowym terminie do Urz\u0119du Skarbowego dokumentu ZAW-NR;<\/strong><\/p>\n<p><strong>&#8211; mechanizm podzielonej p\u0142atno\u015bci (mpp) \u2013 powszechne, sta\u0142e stosowanie zasady p\u0142atno\u015bci faktur w trybie mpp;<\/strong><\/p>\n<p><strong>&#8211; weryfikacja kontrahent\u00f3w z kraj\u00f3w Unii Europejskiej (wystawc\u00f3w faktur) jako czynnych podatnik\u00f3w podatku VAT (system VIES);<\/strong><\/p>\n<p><strong>&#8211; weryfikacja podmiot\u00f3w zagranicznych \u015bwiadcz\u0105cych us\u0142ugi, o kt\u00f3rych mowa w art. 21 ust. 1 pkt 2a ustawy o podatku dochodowym od os\u00f3b prawnych \u2013 pozyskiwanie certyfikatu rezydencji podatkowej.<\/strong><\/p>\n<p><strong>W procedurze wskazane s\u0105 kom\u00f3rki organizacyjne oraz osoby odpowiedzialne za realizacj\u0119 procedury, ponadto okre\u015blono tu zasady obiegu informacji i dokument\u00f3w.<\/strong><\/p>\n<p>&nbsp;<\/p>\n<p>c)<strong> w spos\u00f3b ci\u0105g\u0142y jest prowadzony przegl\u0105d poszczeg\u00f3lnych proces\u00f3w i procedur, dokonuje si\u0119 ich modyfikacji (m.in. automatyzacja proces\u00f3w). W roku 2023 stosowano wprowadzony ju\u017c w 2021 r. na szerok\u0105 skal\u0119 elektroniczny obieg dokument\u00f3w. W efekcie osi\u0105ga si\u0119 nie tylko redukcj\u0119 koszt\u00f3w, lecz przede wszystkim jest eliminowane ryzyko powstania b\u0142\u0119d\u00f3w<\/strong><br \/>\n<strong>w rozliczeniach podatkowych.<\/strong><\/p>\n<p><em>\u00a0\u00a0\u00a0\u00a0 3.<\/em><strong><em> Informacja na temat dokonywania rozlicze\u0144 w krajach stosuj\u0105cych szkodliw\u0105 konkurencj\u0119 podatkow\u0105. <\/em><\/strong><\/p>\n<p>&nbsp;<\/p>\n<p><strong>Sp\u00f3\u0142ka BIGSTAR LTD SP. Z O.O. nie dokonuje rozlicze\u0144 w krajach<\/strong><\/p>\n<p><strong>stosuj\u0105cych szkodliw\u0105 konkurencj\u0119 podatkow\u0105.<\/strong><\/p>\n<p>&nbsp;<\/p>\n<ol start=\"4\">\n<li><strong><em>Liczba przekazanych informacji o schematach podatkowych (MDR) z podzia\u0142em na podatki. <\/em><\/strong><\/li>\n<\/ol>\n<p>&nbsp;<\/p>\n<p><strong>Sp\u00f3\u0142ka BIGSTAR LTD SP. Z O.O. nie tworzy\u0142a i nie korzysta\u0142a w roku 2023 ze schemat\u00f3w podatkowych.<\/strong><\/p>\n<p>&nbsp;<\/p>\n<ol start=\"5\">\n<li><strong><em>Informacje o z\u0142o\u017conych wnioskach o wydanie indywidualnych i og\u00f3lnych interpretacji przepis\u00f3w prawa podatkowego, wi\u0105\u017c\u0105cych informacji stawkowych oraz wi\u0105\u017c\u0105cych informacji akcyzowych. <\/em><\/strong><\/li>\n<\/ol>\n<p>&nbsp;<\/p>\n<p><strong>W roku 2023 nie istnia\u0142a potrzeba wyst\u0119powania do Krajowej Administracji Skarbowej o wydanie indywidualnych interpretacji przepis\u00f3w prawa podatkowego czy te\u017c wi\u0105\u017c\u0105cych informacji stawkowych. Sp\u00f3\u0142ka nie jest p\u0142atnikiem podatku akcyzowego.<\/strong><\/p>\n<p>&nbsp;<\/p>\n<ol start=\"6\">\n<li><strong><em>Informacje o transakcjach z podmiotami powi\u0105zanymi, kt\u00f3rych warto\u015b\u0107 przekracza 5% sumy bilansowej aktyw\u00f3w. <\/em><\/strong><\/li>\n<\/ol>\n<p>&nbsp;<\/p>\n<p><strong>W roku 2023 nie wyst\u0105pi\u0142y transakcje z podmiotami powi\u0105zanymi przekraczaj\u0105ce 5% sumy bilansowej aktyw\u00f3w.<\/strong><\/p>\n<p>&nbsp;<\/p>\n<p>&nbsp;<\/p>\n<p><strong>INFORMACJE DODATKOWE<\/strong><\/p>\n<p><strong>W roku 2023 nie odnotowano w Sp\u00f3\u0142ce BIG STAR Limited Sp. z o.o. zagro\u017ce\u0144 podatkowych, mimo znacznego zak\u0142\u00f3cenia proces\u00f3w gospodarczych zwi\u0105zanego m.in. z wojn\u0105 w Ukrainie<\/strong><br \/>\n<strong>i wysok\u0105 inflacj\u0105. Stabilne zasady finansowania i ugruntowana pozycja na rynku w po\u0142\u0105czeniu z prawid\u0142ow\u0105 organizacj\u0105 s\u0142u\u017cb odpowiedzianych w sp\u00f3\u0142ce za rozliczenia ksi\u0119gowe<\/strong><br \/>\n<strong>i podatkowe gwarantuj\u0105 skutecznie ograniczenie lub wyeliminowanie ryzyka podatkowego. Eliminowanie ryzyka podatkowego osi\u0105gane jest ponadto poprzez utrzymywanie sta\u0142ej wsp\u00f3\u0142pracy z Kancelari\u0105 Adwokack\u0105 oraz z Kancelari\u0105 Doradcy Podatkowego. Jest utrzymywany sta\u0142y dost\u0119p do profesjonalnej platformy szkoleniowej, na kt\u00f3rej s\u0105 prowadzone szkolenia online z zakresu finans\u00f3w, podatk\u00f3w, kadr i p\u0142ac. Okazjonalnie korzysta si\u0119 ze szkole\u0144 w zakresie prawa bilansowego. Obowi\u0105zuj\u0105ca w sp\u00f3\u0142ce strategia p\u0142atno\u015bci zobowi\u0105za\u0144 podatkowych zak\u0142ada bezwzgl\u0119dne pierwsze\u0144stwo tych p\u0142atno\u015bci przed innymi zobowi\u0105zaniami. Sp\u00f3\u0142ka BIG STAR Limited Sp. z o.o. wp\u0142aci\u0142a do Bud\u017cetu Pa\u0144stwa za rok podatkowy 2023 1,66 mln z\u0142 z tytu\u0142u podatku dochodowego CIT oraz 35,59 mln z\u0142 podatku VAT. Suma bilansowa wynios\u0142a na dzie\u0144 31.12.2023 r. 171.836.880 z\u0142. Sp\u00f3\u0142ka jest w regionie znacz\u0105cym pracodawc\u0105, zatrudnia te\u017c pracownik\u00f3w w plac\u00f3wkach handlowych w ca\u0142ym kraju. W dniu 31.12.2023 r. Sp\u00f3\u0142ka zatrudnia\u0142a 844 pracownik\u00f3w (814,8 etat\u00f3w). Pocz\u0105wszy od czwartego kwarta\u0142u roku 2022 rozpocz\u0119\u0142a si\u0119 sprzeda\u017c produkt\u00f3w i towar\u00f3w dla odbiorc\u00f3w indywidualnych (os\u00f3b fizycznych) z innych kraj\u00f3w Unii Europejskiej w ramach procedury OSS, tzn. z zastosowaniem stawek VAT w\u0142a\u015bciwych dla poszczeg\u00f3lnych kraj\u00f3w UE. Jest to nowy element strategii gospodarczej Sp\u00f3\u0142ki zmierzaj\u0105cy do poszerzenia rynk\u00f3w zbytu. Wykorzystano do tego jedn\u0105 ze znanych internetowych platform handlowych. W roku 2023 z powodzeniem kontynuowano t\u0119 form\u0119 sprzeda\u017cy. W zwi\u0105zku z planowanym wprowadzeniem obowi\u0105zkowego stosowania Krajowego Systemu e-Faktur (KSeF) by\u0142a prowadzona weryfikacja rozwi\u0105za\u0144 proponowanych przez obecnego dostawc\u0119 oprogramowania finansowo-ksi\u0119gowego i modu\u0142u sprzeda\u017cowego. Zmian nie wdro\u017cono w 2023 r. ze wzgl\u0119du na przesuni\u0119cie oficjalnych termin\u00f3w obowi\u0105zywania KSeF. Zako\u0144czenie prac przewiduje si\u0119 na koniec 2025 roku.<\/strong><\/p>\n<p><strong>Od roku 2020 Sp\u00f3\u0142ka korzysta z us\u0142ugi dedykowanej kluczowym podmiotom z grupy podatnik\u00f3w rozliczaj\u0105cych si\u0119 w wyspecjalizowanych urz\u0119dach skarbowych. W ramach tej us\u0142ugi dzia\u0142a infolinia na poziomie Centrum Obs\u0142ugi Kluczowych Podmiot\u00f3w. Dla Sp\u00f3\u0142ki zosta\u0142 wybrany opiekun do indywidualnego kontaktu z urz\u0119dem skarbowym. Zapewnione jest \u2013 poprzez mo\u017cliwo\u015b\u0107 szybkiego kontaktu \u2013 aktywne, optymalne wsparcie w zakresie spraw za\u0142atwianych w urz\u0119dzie. Kontakt z opiekunem jest utrzymywany przez wskazane osoby, zgodnie z zasadami okre\u015blonymi dla tej us\u0142ugi.<\/strong><\/p>\n<p><strong>Strategia podatkowa Sp\u00f3\u0142ki BIG STAR Limited Sp. z o.o. b\u0119dzie w przysz\u0142ych latach modyfikowana w takim zakresie, kt\u00f3ry zapewni implementacj\u0119 nowych regulacji prawnych.<\/strong><\/p>\n","protected":false},"excerpt":{"rendered":"<p>STRATEGIA PODATKOWA REALIZOWANA PRZEZ BIG STAR LIMITED SP. Z O.O. W ROKU 2023 &nbsp; WST\u0118P &nbsp; Dokument zosta\u0142 opracowany zgodnie z art. 27c ustawy o CIT wprowadzonym ustaw\u0105 uchwalon\u0105 w dniu 28 listopada 2020r o zmianie ustaw podatkowych. W zwi\u0105zku z brakiem legalnej definicji \u201estrategii podatkowej\u201d, przy tworzeniu dokumentu wykorzystano opracowane przez Ministerstwo Finans\u00f3w \u201eWytyczne [&hellip;]<\/p>\n","protected":false},"author":8,"featured_media":0,"parent":0,"menu_order":0,"comment_status":"closed","ping_status":"closed","template":"","meta":{"footnotes":""},"class_list":["post-53275","page","type-page","status-publish","hentry"],"yoast_head":"<!-- This site is optimized with the Yoast SEO plugin v25.6 - https:\/\/yoast.com\/wordpress\/plugins\/seo\/ -->\n<title>2023 | BIG STAR<\/title>\n<meta name=\"robots\" content=\"index, follow, max-snippet:-1, max-image-preview:large, max-video-preview:-1\" \/>\n<link rel=\"canonical\" href=\"https:\/\/bigstarjeans.com\/pl\/2023-2\/\" \/>\n<meta property=\"og:locale\" content=\"pl_PL\" \/>\n<meta property=\"og:type\" content=\"article\" \/>\n<meta property=\"og:title\" content=\"2023 | BIG STAR\" \/>\n<meta property=\"og:description\" content=\"STRATEGIA PODATKOWA REALIZOWANA PRZEZ BIG STAR LIMITED SP. Z O.O. W ROKU 2023 &nbsp; WST\u0118P &nbsp; Dokument zosta\u0142 opracowany zgodnie z art. 27c ustawy o CIT wprowadzonym ustaw\u0105 uchwalon\u0105 w dniu 28 listopada 2020r o zmianie ustaw podatkowych. W zwi\u0105zku z brakiem legalnej definicji \u201estrategii podatkowej\u201d, przy tworzeniu dokumentu wykorzystano opracowane przez Ministerstwo Finans\u00f3w \u201eWytyczne [&hellip;]\" \/>\n<meta property=\"og:url\" content=\"https:\/\/bigstarjeans.com\/pl\/2023-2\/\" \/>\n<meta property=\"og:site_name\" content=\"BIG STAR JEANS\" \/>\n<meta property=\"article:publisher\" content=\"https:\/\/www.facebook.com\/bigstareurope\/\" \/>\n<meta property=\"article:modified_time\" content=\"2024-12-20T14:03:05+00:00\" \/>\n<meta name=\"twitter:card\" content=\"summary_large_image\" \/>\n<meta name=\"twitter:label1\" content=\"Szacowany czas czytania\" \/>\n\t<meta name=\"twitter:data1\" content=\"5 minut\" \/>\n<script type=\"application\/ld+json\" class=\"yoast-schema-graph\">{\"@context\":\"https:\/\/schema.org\",\"@graph\":[{\"@type\":\"WebPage\",\"@id\":\"https:\/\/bigstarjeans.com\/pl\/2023-2\/\",\"url\":\"https:\/\/bigstarjeans.com\/pl\/2023-2\/\",\"name\":\"2023 | BIG STAR\",\"isPartOf\":{\"@id\":\"https:\/\/bigstarjeans.com\/#website\"},\"datePublished\":\"2024-12-20T12:20:38+00:00\",\"dateModified\":\"2024-12-20T14:03:05+00:00\",\"breadcrumb\":{\"@id\":\"https:\/\/bigstarjeans.com\/pl\/2023-2\/#breadcrumb\"},\"inLanguage\":\"pl-PL\",\"potentialAction\":[{\"@type\":\"ReadAction\",\"target\":[\"https:\/\/bigstarjeans.com\/pl\/2023-2\/\"]}]},{\"@type\":\"BreadcrumbList\",\"@id\":\"https:\/\/bigstarjeans.com\/pl\/2023-2\/#breadcrumb\",\"itemListElement\":[{\"@type\":\"ListItem\",\"position\":1,\"name\":\"Home\",\"item\":\"https:\/\/bigstarjeans.com\/pl\/home\/\"},{\"@type\":\"ListItem\",\"position\":2,\"name\":\"2023\"}]},{\"@type\":\"WebSite\",\"@id\":\"https:\/\/bigstarjeans.com\/#website\",\"url\":\"https:\/\/bigstarjeans.com\/\",\"name\":\"BIG STAR JEANS\",\"description\":\"\",\"publisher\":{\"@id\":\"https:\/\/bigstarjeans.com\/#organization\"},\"potentialAction\":[{\"@type\":\"SearchAction\",\"target\":{\"@type\":\"EntryPoint\",\"urlTemplate\":\"https:\/\/bigstarjeans.com\/?s={search_term_string}\"},\"query-input\":{\"@type\":\"PropertyValueSpecification\",\"valueRequired\":true,\"valueName\":\"search_term_string\"}}],\"inLanguage\":\"pl-PL\"},{\"@type\":\"Organization\",\"@id\":\"https:\/\/bigstarjeans.com\/#organization\",\"name\":\"BIG STAR Ltd. sp. z o.o.\",\"url\":\"https:\/\/bigstarjeans.com\/\",\"logo\":{\"@type\":\"ImageObject\",\"inLanguage\":\"pl-PL\",\"@id\":\"https:\/\/bigstarjeans.com\/#\/schema\/logo\/image\/\",\"url\":\"https:\/\/bigstarjeans.com\/wp-content\/uploads\/2018\/02\/BSLOGO.jpg\",\"contentUrl\":\"https:\/\/bigstarjeans.com\/wp-content\/uploads\/2018\/02\/BSLOGO.jpg\",\"width\":2021,\"height\":676,\"caption\":\"BIG STAR Ltd. sp. z o.o.\"},\"image\":{\"@id\":\"https:\/\/bigstarjeans.com\/#\/schema\/logo\/image\/\"},\"sameAs\":[\"https:\/\/www.facebook.com\/bigstareurope\/\",\"https:\/\/www.instagram.com\/bigstarjeans\/\",\"https:\/\/www.linkedin.com\/in\/big-star-europe-5497b13\/\",\"https:\/\/www.youtube.com\/channel\/UCoddnE2_XBA6TmSQJWY3ISQ\"]}]}<\/script>\n<!-- \/ Yoast SEO plugin. -->","yoast_head_json":{"title":"2023 | BIG STAR","robots":{"index":"index","follow":"follow","max-snippet":"max-snippet:-1","max-image-preview":"max-image-preview:large","max-video-preview":"max-video-preview:-1"},"canonical":"https:\/\/bigstarjeans.com\/pl\/2023-2\/","og_locale":"pl_PL","og_type":"article","og_title":"2023 | BIG STAR","og_description":"STRATEGIA PODATKOWA REALIZOWANA PRZEZ BIG STAR LIMITED SP. Z O.O. W ROKU 2023 &nbsp; WST\u0118P &nbsp; Dokument zosta\u0142 opracowany zgodnie z art. 27c ustawy o CIT wprowadzonym ustaw\u0105 uchwalon\u0105 w dniu 28 listopada 2020r o zmianie ustaw podatkowych. W zwi\u0105zku z brakiem legalnej definicji \u201estrategii podatkowej\u201d, przy tworzeniu dokumentu wykorzystano opracowane przez Ministerstwo Finans\u00f3w \u201eWytyczne [&hellip;]","og_url":"https:\/\/bigstarjeans.com\/pl\/2023-2\/","og_site_name":"BIG STAR JEANS","article_publisher":"https:\/\/www.facebook.com\/bigstareurope\/","article_modified_time":"2024-12-20T14:03:05+00:00","twitter_card":"summary_large_image","twitter_misc":{"Szacowany czas czytania":"5 minut"},"schema":{"@context":"https:\/\/schema.org","@graph":[{"@type":"WebPage","@id":"https:\/\/bigstarjeans.com\/pl\/2023-2\/","url":"https:\/\/bigstarjeans.com\/pl\/2023-2\/","name":"2023 | BIG STAR","isPartOf":{"@id":"https:\/\/bigstarjeans.com\/#website"},"datePublished":"2024-12-20T12:20:38+00:00","dateModified":"2024-12-20T14:03:05+00:00","breadcrumb":{"@id":"https:\/\/bigstarjeans.com\/pl\/2023-2\/#breadcrumb"},"inLanguage":"pl-PL","potentialAction":[{"@type":"ReadAction","target":["https:\/\/bigstarjeans.com\/pl\/2023-2\/"]}]},{"@type":"BreadcrumbList","@id":"https:\/\/bigstarjeans.com\/pl\/2023-2\/#breadcrumb","itemListElement":[{"@type":"ListItem","position":1,"name":"Home","item":"https:\/\/bigstarjeans.com\/pl\/home\/"},{"@type":"ListItem","position":2,"name":"2023"}]},{"@type":"WebSite","@id":"https:\/\/bigstarjeans.com\/#website","url":"https:\/\/bigstarjeans.com\/","name":"BIG STAR JEANS","description":"","publisher":{"@id":"https:\/\/bigstarjeans.com\/#organization"},"potentialAction":[{"@type":"SearchAction","target":{"@type":"EntryPoint","urlTemplate":"https:\/\/bigstarjeans.com\/?s={search_term_string}"},"query-input":{"@type":"PropertyValueSpecification","valueRequired":true,"valueName":"search_term_string"}}],"inLanguage":"pl-PL"},{"@type":"Organization","@id":"https:\/\/bigstarjeans.com\/#organization","name":"BIG STAR Ltd. sp. z o.o.","url":"https:\/\/bigstarjeans.com\/","logo":{"@type":"ImageObject","inLanguage":"pl-PL","@id":"https:\/\/bigstarjeans.com\/#\/schema\/logo\/image\/","url":"https:\/\/bigstarjeans.com\/wp-content\/uploads\/2018\/02\/BSLOGO.jpg","contentUrl":"https:\/\/bigstarjeans.com\/wp-content\/uploads\/2018\/02\/BSLOGO.jpg","width":2021,"height":676,"caption":"BIG STAR Ltd. sp. z o.o."},"image":{"@id":"https:\/\/bigstarjeans.com\/#\/schema\/logo\/image\/"},"sameAs":["https:\/\/www.facebook.com\/bigstareurope\/","https:\/\/www.instagram.com\/bigstarjeans\/","https:\/\/www.linkedin.com\/in\/big-star-europe-5497b13\/","https:\/\/www.youtube.com\/channel\/UCoddnE2_XBA6TmSQJWY3ISQ"]}]}},"_links":{"self":[{"href":"https:\/\/bigstarjeans.com\/pl\/wp-json\/wp\/v2\/pages\/53275","targetHints":{"allow":["GET"]}}],"collection":[{"href":"https:\/\/bigstarjeans.com\/pl\/wp-json\/wp\/v2\/pages"}],"about":[{"href":"https:\/\/bigstarjeans.com\/pl\/wp-json\/wp\/v2\/types\/page"}],"author":[{"embeddable":true,"href":"https:\/\/bigstarjeans.com\/pl\/wp-json\/wp\/v2\/users\/8"}],"replies":[{"embeddable":true,"href":"https:\/\/bigstarjeans.com\/pl\/wp-json\/wp\/v2\/comments?post=53275"}],"version-history":[{"count":7,"href":"https:\/\/bigstarjeans.com\/pl\/wp-json\/wp\/v2\/pages\/53275\/revisions"}],"predecessor-version":[{"id":53288,"href":"https:\/\/bigstarjeans.com\/pl\/wp-json\/wp\/v2\/pages\/53275\/revisions\/53288"}],"wp:attachment":[{"href":"https:\/\/bigstarjeans.com\/pl\/wp-json\/wp\/v2\/media?parent=53275"}],"curies":[{"name":"wp","href":"https:\/\/api.w.org\/{rel}","templated":true}]}}